{"id":167,"date":"2025-08-30T10:30:07","date_gmt":"2025-08-30T10:30:07","guid":{"rendered":"https:\/\/www.mariscal.ovh\/index.php\/about-us\/"},"modified":"2025-09-14T19:38:19","modified_gmt":"2025-09-14T19:38:19","slug":"about-us","status":"publish","type":"page","link":"https:\/\/www.mariscal.ovh\/index.php\/about-us\/","title":{"rendered":"A propos"},"content":{"rendered":"\n<div class=\"wp-block-cover alignfull is-light has-parallax has-custom-content-position is-position-top-center\" style=\"padding-top:var(--wp--preset--spacing--30);padding-right:0;padding-bottom:var(--wp--preset--spacing--30);padding-left:0;min-height:100vh;aspect-ratio:unset;\"><div class=\"wp-block-cover__image-background wp-image-207 has-parallax\" style=\"background-position:50% 50%;background-image:url(https:\/\/www.mariscal.ovh\/wp-content\/uploads\/2025\/08\/desk-1140699.jpg)\"><\/div><span aria-hidden=\"true\" class=\"wp-block-cover__background has-base-background-color has-background-dim-60 has-background-dim\"><\/span><div class=\"wp-block-cover__inner-container has-global-padding is-layout-constrained wp-container-core-cover-is-layout-7b0da927 wp-block-cover-is-layout-constrained\">\n<div class=\"wp-block-media-text alignwide has-background is-stacked-on-mobile\" style=\"border-radius:33px;background-color:#ffffffad;padding-top:var(--wp--preset--spacing--30);padding-right:var(--wp--preset--spacing--30);padding-bottom:var(--wp--preset--spacing--30);padding-left:var(--wp--preset--spacing--30);grid-template-columns:22% auto\" data-acai-animate=\"fade-in\" data-acai-duration=\"0.9\" data-acai-delay=\"0\" data-acai-offset=\"10\" data-acai-scale=\"0.1\" data-acai-animation-state=\"initial\"><figure class=\"wp-block-media-text__media\"><img fetchpriority=\"high\" decoding=\"async\" width=\"640\" height=\"603\" src=\"https:\/\/www.mariscal.ovh\/wp-content\/uploads\/2025\/09\/symbol-304598_640.png\" alt=\"\" class=\"wp-image-572 size-full\" srcset=\"https:\/\/www.mariscal.ovh\/wp-content\/uploads\/2025\/09\/symbol-304598_640.png 640w, https:\/\/www.mariscal.ovh\/wp-content\/uploads\/2025\/09\/symbol-304598_640-300x283.png 300w\" sizes=\"(max-width: 640px) 100vw, 640px\" \/><\/figure><div class=\"wp-block-media-text__content\">\n<div class=\"wp-block-group is-layout-flow wp-container-core-group-is-layout-5260adf5 wp-block-group-is-layout-flow\" style=\"padding-right:var(--wp--preset--spacing--40);padding-left:var(--wp--preset--spacing--40)\">\n<h1 class=\"wp-block-heading\">A propos<\/h1>\n\n\n\n<p>37 ans, Namur &#8211; Belgique<\/p>\n\n\n\n<p><strong>L&rsquo;informatique est bien plus qu&rsquo;une passion pour moi \u2014 c&rsquo;est devenu mon m\u00e9tier.<\/strong><\/p>\n\n\n\n<p><strong>Sp\u00e9cialiste des r\u00e9seaux informatiques<\/strong>, j&rsquo;exerce \u00e0 temps plein au sein d&rsquo;une association belge, o\u00f9 je mets mes comp\u00e9tences au service de projets concrets.<\/p>\n\n\n\n<p>En parall\u00e8le, je consacre mon temps libre \u00e0 la <strong>cr\u00e9ation de sites web<\/strong>, une activit\u00e9 qui me permet de conjuguer expertise technique et cr\u00e9ativit\u00e9.<\/p>\n\n\n\n<p>Mon ambition : <strong>vous accompagner dans la conception de votre site internet<\/strong>, avec une approche accessible, humaine et passionn\u00e9e.<\/p>\n\n\n\n<p>Ce qui me distingue ? <strong>Je ne suis pas l\u00e0 pour vous ruiner, mais pour vous aider \u00e0 concr\u00e9tiser vos id\u00e9es<\/strong>, avec des solutions adapt\u00e9es \u00e0 vos besoins et \u00e0 votre budget.<\/p>\n<\/div>\n<\/div><\/div>\n<\/div><\/div>\n","protected":false},"excerpt":{"rendered":"","protected":false},"author":1,"featured_media":0,"parent":0,"menu_order":0,"comment_status":"closed","ping_status":"closed","template":"no-title","meta":{"footnotes":""},"class_list":["post-167","page","type-page","status-publish","hentry"],"_links":{"self":[{"href":"https:\/\/www.mariscal.ovh\/index.php\/wp-json\/wp\/v2\/pages\/167","targetHints":{"allow":["GET"]}}],"collection":[{"href":"https:\/\/www.mariscal.ovh\/index.php\/wp-json\/wp\/v2\/pages"}],"about":[{"href":"https:\/\/www.mariscal.ovh\/index.php\/wp-json\/wp\/v2\/types\/page"}],"author":[{"embeddable":true,"href":"https:\/\/www.mariscal.ovh\/index.php\/wp-json\/wp\/v2\/users\/1"}],"replies":[{"embeddable":true,"href":"https:\/\/www.mariscal.ovh\/index.php\/wp-json\/wp\/v2\/comments?post=167"}],"version-history":[{"count":21,"href":"https:\/\/www.mariscal.ovh\/index.php\/wp-json\/wp\/v2\/pages\/167\/revisions"}],"predecessor-version":[{"id":602,"href":"https:\/\/www.mariscal.ovh\/index.php\/wp-json\/wp\/v2\/pages\/167\/revisions\/602"}],"wp:attachment":[{"href":"https:\/\/www.mariscal.ovh\/index.php\/wp-json\/wp\/v2\/media?parent=167"}],"curies":[{"name":"wp","href":"https:\/\/api.w.org\/{rel}","templated":true}]}}