{"id":168,"date":"2025-08-30T10:30:07","date_gmt":"2025-08-30T10:30:07","guid":{"rendered":"https:\/\/www.mariscal.ovh\/index.php\/our-services\/"},"modified":"2025-09-15T16:28:05","modified_gmt":"2025-09-15T16:28:05","slug":"our-services","status":"publish","type":"page","link":"https:\/\/www.mariscal.ovh\/index.php\/our-services\/","title":{"rendered":"Services"},"content":{"rendered":"\n<div class=\"wp-block-cover alignfull is-light has-parallax has-custom-content-position is-position-top-center\" style=\"padding-top:var(--wp--preset--spacing--30);padding-right:0;padding-bottom:var(--wp--preset--spacing--30);padding-left:0;min-height:100vh;aspect-ratio:unset;\"><div class=\"wp-block-cover__image-background wp-image-207 has-parallax\" style=\"background-position:50% 50%;background-image:url(https:\/\/www.mariscal.ovh\/wp-content\/uploads\/2025\/08\/desk-1140699.jpg)\"><\/div><span aria-hidden=\"true\" class=\"wp-block-cover__background has-base-background-color has-background-dim-60 has-background-dim\"><\/span><div class=\"wp-block-cover__inner-container has-global-padding is-layout-constrained wp-container-core-cover-is-layout-7b0da927 wp-block-cover-is-layout-constrained\">\n<div class=\"wp-block-group alignwide is-layout-flow wp-block-group-is-layout-flow\">\n<div class=\"wp-block-group alignwide is-vertical is-content-justification-center is-layout-flex wp-container-core-group-is-layout-1e153cfd wp-block-group-is-layout-flex\" style=\"min-height:90vh;padding-top:var(--wp--preset--spacing--60);padding-bottom:var(--wp--preset--spacing--60)\" data-acai-animate=\"fade-in\" data-acai-duration=\"1\" data-acai-delay=\"0\" data-acai-offset=\"10\" data-acai-scale=\"0.1\" data-acai-animation-state=\"initial\">\n<div class=\"wp-block-group alignwide has-border-color has-base-border-color is-vertical is-layout-flex wp-container-core-group-is-layout-fe9cc265 wp-block-group-is-layout-flex\" style=\"border-width:30px;border-radius:61px\">\n<div class=\"wp-block-media-text alignwide has-background is-stacked-on-mobile has-very-light-gray-background-color\"><figure class=\"wp-block-media-text__media\"><img fetchpriority=\"high\" decoding=\"async\" width=\"1920\" height=\"1080\" src=\"https:\/\/www.mariscal.ovh\/wp-content\/uploads\/2025\/08\/laptop-1209008.jpg\" alt=\"\" class=\"wp-image-203 size-full\"\/><\/figure><div class=\"wp-block-media-text__content\">\n<div class=\"wp-block-group is-nowrap is-layout-flex wp-container-core-group-is-layout-c1740a5a wp-block-group-is-layout-flex\">\n<figure class=\"wp-block-image alignleft size-large\"><img decoding=\"async\" width=\"133\" height=\"133\" src=\"https:\/\/www.mariscal.ovh\/wp-content\/uploads\/2025\/08\/agency-design.png\" alt=\"\" class=\"wp-image-195\"\/><\/figure>\n\n\n\n<h2 class=\"wp-block-heading\">Site web<\/h2>\n<\/div>\n\n\n\n<p>Cr\u00e9ation de site vitrine professionnel\u00a0<br>Je suis votre partenaire d\u00e9di\u00e9 \u00e0 la concr\u00e9tisation de projets num\u00e9riques, et je mets \u00e0 votre service une expertise compl\u00e8te pour transformer vos id\u00e9es en solutions web performantes et innovantes.<br>Votre site s\u2019adapte parfaitement aux ordinateurs, tablettes et smartphones.<\/p>\n<\/div><\/div>\n\n\n\n<div class=\"wp-block-media-text alignwide has-media-on-the-right has-background is-stacked-on-mobile has-very-light-gray-background-color\"><div class=\"wp-block-media-text__content\">\n<div class=\"wp-block-group is-content-justification-right is-nowrap is-layout-flex wp-container-core-group-is-layout-a37e0b8f wp-block-group-is-layout-flex\">\n<h2 class=\"wp-block-heading wp-container-content-9cfa9a5a\">Logo<\/h2>\n\n\n\n<figure class=\"wp-block-image alignright size-large is-resized\"><img decoding=\"async\" width=\"1024\" height=\"551\" src=\"https:\/\/www.mariscal.ovh\/wp-content\/uploads\/2025\/08\/roof-7857476_1280-1024x551.png\" alt=\"\" class=\"wp-image-391\" style=\"width:149px;height:auto\" srcset=\"https:\/\/www.mariscal.ovh\/wp-content\/uploads\/2025\/08\/roof-7857476_1280-1024x551.png 1024w, https:\/\/www.mariscal.ovh\/wp-content\/uploads\/2025\/08\/roof-7857476_1280-300x161.png 300w, https:\/\/www.mariscal.ovh\/wp-content\/uploads\/2025\/08\/roof-7857476_1280-768x413.png 768w, https:\/\/www.mariscal.ovh\/wp-content\/uploads\/2025\/08\/roof-7857476_1280.png 1280w\" sizes=\"(max-width: 1024px) 100vw, 1024px\" \/><\/figure>\n<\/div>\n\n\n\n<p>Vous avez besoin d\u2019un logo ? Gr\u00e2ce \u00e0 la collaboration avec un partenaire expert en infographie, je vous propose une cr\u00e9ation sur mesure, adapt\u00e9e \u00e0 votre identit\u00e9 visuelle.<\/p>\n<\/div><figure class=\"wp-block-media-text__media\"><img loading=\"lazy\" decoding=\"async\" width=\"1024\" height=\"682\" src=\"https:\/\/www.mariscal.ovh\/wp-content\/uploads\/2025\/08\/computer-3596169_1280-1024x682.jpg\" alt=\"\" class=\"wp-image-252 size-full\" srcset=\"https:\/\/www.mariscal.ovh\/wp-content\/uploads\/2025\/08\/computer-3596169_1280-1024x682.jpg 1024w, https:\/\/www.mariscal.ovh\/wp-content\/uploads\/2025\/08\/computer-3596169_1280-300x200.jpg 300w, https:\/\/www.mariscal.ovh\/wp-content\/uploads\/2025\/08\/computer-3596169_1280-768x512.jpg 768w, https:\/\/www.mariscal.ovh\/wp-content\/uploads\/2025\/08\/computer-3596169_1280.jpg 1280w\" sizes=\"(max-width: 1024px) 100vw, 1024px\" \/><\/figure><\/div>\n<\/div>\n<\/div>\n<\/div>\n<\/div><\/div>\n","protected":false},"excerpt":{"rendered":"","protected":false},"author":1,"featured_media":0,"parent":0,"menu_order":0,"comment_status":"closed","ping_status":"closed","template":"","meta":{"footnotes":""},"class_list":["post-168","page","type-page","status-publish","hentry"],"_links":{"self":[{"href":"https:\/\/www.mariscal.ovh\/index.php\/wp-json\/wp\/v2\/pages\/168","targetHints":{"allow":["GET"]}}],"collection":[{"href":"https:\/\/www.mariscal.ovh\/index.php\/wp-json\/wp\/v2\/pages"}],"about":[{"href":"https:\/\/www.mariscal.ovh\/index.php\/wp-json\/wp\/v2\/types\/page"}],"author":[{"embeddable":true,"href":"https:\/\/www.mariscal.ovh\/index.php\/wp-json\/wp\/v2\/users\/1"}],"replies":[{"embeddable":true,"href":"https:\/\/www.mariscal.ovh\/index.php\/wp-json\/wp\/v2\/comments?post=168"}],"version-history":[{"count":29,"href":"https:\/\/www.mariscal.ovh\/index.php\/wp-json\/wp\/v2\/pages\/168\/revisions"}],"predecessor-version":[{"id":633,"href":"https:\/\/www.mariscal.ovh\/index.php\/wp-json\/wp\/v2\/pages\/168\/revisions\/633"}],"wp:attachment":[{"href":"https:\/\/www.mariscal.ovh\/index.php\/wp-json\/wp\/v2\/media?parent=168"}],"curies":[{"name":"wp","href":"https:\/\/api.w.org\/{rel}","templated":true}]}}