{"id":170,"date":"2025-08-30T10:30:07","date_gmt":"2025-08-30T10:30:07","guid":{"rendered":"https:\/\/www.mariscal.ovh\/index.php\/packages\/"},"modified":"2025-09-23T21:22:53","modified_gmt":"2025-09-23T21:22:53","slug":"packages","status":"publish","type":"page","link":"https:\/\/www.mariscal.ovh\/index.php\/packages\/","title":{"rendered":"Pack Tarifs"},"content":{"rendered":"\n<div class=\"wp-block-cover alignfull is-light has-parallax has-custom-content-position is-position-top-center\" style=\"padding-top:var(--wp--preset--spacing--30);padding-right:0;padding-bottom:var(--wp--preset--spacing--30);padding-left:0;min-height:100vh;aspect-ratio:unset;\"><div class=\"wp-block-cover__image-background wp-image-207 has-parallax\" style=\"background-position:50% 50%;background-image:url(https:\/\/www.mariscal.ovh\/wp-content\/uploads\/2025\/08\/desk-1140699.jpg)\"><\/div><span aria-hidden=\"true\" class=\"wp-block-cover__background has-base-background-color has-background-dim-60 has-background-dim\"><\/span><div class=\"wp-block-cover__inner-container has-global-padding is-layout-constrained wp-container-core-cover-is-layout-7b0da927 wp-block-cover-is-layout-constrained\">\n<div class=\"wp-block-group has-global-padding is-layout-constrained wp-block-group-is-layout-constrained\">\n<figure class=\"wp-block-image size-large\"><img fetchpriority=\"high\" decoding=\"async\" width=\"1024\" height=\"737\" src=\"https:\/\/www.mariscal.ovh\/wp-content\/uploads\/2025\/09\/pub240925-1024x737.png\" alt=\"\" class=\"wp-image-701\" srcset=\"https:\/\/www.mariscal.ovh\/wp-content\/uploads\/2025\/09\/pub240925-1024x737.png 1024w, https:\/\/www.mariscal.ovh\/wp-content\/uploads\/2025\/09\/pub240925-300x216.png 300w, https:\/\/www.mariscal.ovh\/wp-content\/uploads\/2025\/09\/pub240925-768x553.png 768w, https:\/\/www.mariscal.ovh\/wp-content\/uploads\/2025\/09\/pub240925.png 1263w\" sizes=\"(max-width: 1024px) 100vw, 1024px\" \/><\/figure>\n\n\n\n<div style=\"height:67px\" aria-hidden=\"true\" class=\"wp-block-spacer\"><\/div>\n<\/div>\n\n\n\n<div class=\"wp-block-group alignwide has-accent-1-color has-text-color has-link-color wp-elements-393b2d0a27fbb3fc7a17ac20baca9b4c has-global-padding is-layout-constrained wp-block-group-is-layout-constrained\" style=\"border-radius:14px\">\n<div class=\"wp-block-group alignwide has-accent-2-color has-text-color has-background has-link-color wp-elements-2d43981ecbd1e8f1a456fc5caa80c47e is-layout-flow wp-block-group-is-layout-flow\" style=\"border-radius:28px;background-color:#ffffffad;padding-top:var(--wp--preset--spacing--80);padding-bottom:var(--wp--preset--spacing--80)\" data-acai-animate=\"fade-in\" data-acai-duration=\"0.9\" data-acai-delay=\"0\" data-acai-offset=\"10\" data-acai-scale=\"0.1\" data-acai-animation-state=\"initial\">\n<h1 class=\"wp-block-heading has-text-align-center has-contrast-color has-text-color has-link-color wp-elements-5704bd8bd61cfc31c830029175a1afef\">Exemple de tarifs<\/h1>\n\n\n\n<p class=\"has-text-align-center has-contrast-color has-text-color has-link-color wp-elements-749a812804cd25470bdf7a1a9762e5a6\">\ud83d\udcac <strong>\u00c0 noter : chaque projet est unique.<\/strong><br>Le processus pr\u00e9sent\u00e9 ci-dessous est une base, mais il reste enti\u00e8rement adaptable selon vos besoins.<\/p>\n<\/div>\n\n\n\n<div style=\"height:120px\" aria-hidden=\"true\" class=\"wp-block-spacer\"><\/div>\n<\/div>\n\n\n\n<div class=\"wp-block-group alignwide is-layout-flow wp-block-group-is-layout-flow\" style=\"margin-top:-111px;padding-top:0;padding-bottom:0\">\n<div class=\"wp-block-group is-layout-flow wp-block-group-is-layout-flow\" style=\"border-style:none;border-width:0px;border-radius:11px\">\n<div class=\"wp-block-group has-global-padding is-layout-constrained wp-block-group-is-layout-constrained\" style=\"border-style:none;border-width:0px;border-radius:0px\">\n<div class=\"wp-block-group has-contrast-color has-text-color has-background has-link-color wp-elements-8ca036af780e752fc09197a4126d4e6d has-global-padding is-layout-constrained wp-container-core-group-is-layout-a7502b65 wp-block-group-is-layout-constrained\" style=\"border-radius:28px;border-bottom-color:#e8e8e8;border-bottom-width:1px;background-color:#ffffffad;padding-top:var(--wp--preset--spacing--40);padding-right:var(--wp--preset--spacing--30);padding-bottom:var(--wp--preset--spacing--30);padding-left:var(--wp--preset--spacing--30)\">\n<h3 class=\"wp-block-heading has-text-align-center has-base-color has-contrast-2-background-color has-text-color has-background has-link-color wp-elements-b867b9860d468fa491c6c559e0dc4033\" style=\"border-radius:28px\">Basic<\/h3>\n\n\n\n<div class=\"wp-block-group is-nowrap is-layout-flex wp-container-core-group-is-layout-de5fc3a3 wp-block-group-is-layout-flex\" style=\"padding-top:var(--wp--preset--spacing--30);padding-right:var(--wp--preset--spacing--30);padding-bottom:var(--wp--preset--spacing--30);padding-left:var(--wp--preset--spacing--30)\"><\/div>\n\n\n\n<h2 class=\"wp-block-heading has-text-align-center\">A.p.d. \u20ac600 HT<\/h2>\n\n\n\n<div class=\"wp-block-group is-nowrap is-layout-flex wp-container-core-group-is-layout-ed104571 wp-block-group-is-layout-flex\" style=\"border-bottom-color:var(--wp--preset--color--base-3);border-bottom-width:1px;padding-top:var(--wp--preset--spacing--30);padding-right:var(--wp--preset--spacing--30);padding-bottom:var(--wp--preset--spacing--30);padding-left:var(--wp--preset--spacing--30)\">\n<p class=\"has-vivid-green-cyan-color has-text-color has-link-color has-medium-font-size wp-elements-d9e86cde466076ea90e42b4a7db389a3\"><strong>\u2713<\/strong><\/p>\n\n\n\n<p>Une page de contact formulaire<\/p>\n<\/div>\n\n\n\n<div class=\"wp-block-group is-nowrap is-layout-flex wp-container-core-group-is-layout-ed104571 wp-block-group-is-layout-flex\" style=\"border-bottom-style:none;border-bottom-width:0px;padding-top:var(--wp--preset--spacing--30);padding-right:var(--wp--preset--spacing--30);padding-bottom:var(--wp--preset--spacing--30);padding-left:var(--wp--preset--spacing--30)\">\n<p class=\"has-vivid-green-cyan-color has-text-color has-link-color has-medium-font-size wp-elements-d9e86cde466076ea90e42b4a7db389a3\"><strong>\u2713<\/strong><\/p>\n\n\n\n<p>Un site web complet de 5 pages<\/p>\n<\/div>\n\n\n\n<div class=\"wp-block-group is-nowrap is-layout-flex wp-container-core-group-is-layout-ed104571 wp-block-group-is-layout-flex\" style=\"border-bottom-style:none;border-bottom-width:0px;padding-top:var(--wp--preset--spacing--30);padding-right:var(--wp--preset--spacing--30);padding-bottom:var(--wp--preset--spacing--30);padding-left:var(--wp--preset--spacing--30)\">\n<p class=\"has-vivid-green-cyan-color has-text-color has-link-color has-medium-font-size wp-elements-d9e86cde466076ea90e42b4a7db389a3\"><strong>\u2713<\/strong><\/p>\n\n\n\n<p>1 Adresse mail<\/p>\n<\/div>\n<\/div>\n<\/div>\n\n\n\n<div style=\"height:20px\" aria-hidden=\"true\" class=\"wp-block-spacer\"><\/div>\n\n\n\n<div class=\"wp-block-group is-layout-flow wp-block-group-is-layout-flow\" style=\"border-style:none;border-width:0px;border-radius:0px;padding-top:0;padding-bottom:var(--wp--preset--spacing--50)\">\n<div class=\"wp-block-group has-global-padding is-layout-constrained wp-block-group-is-layout-constrained\" style=\"padding-top:var(--wp--preset--spacing--30);padding-bottom:0\">\n<div class=\"wp-block-group has-background has-global-padding is-layout-constrained wp-block-group-is-layout-constrained\" style=\"border-style:none;border-width:0px;border-radius:28px;background-color:#ffffffad\">\n<div class=\"wp-block-group has-global-padding is-layout-constrained wp-container-core-group-is-layout-816d3933 wp-block-group-is-layout-constrained\" style=\"border-bottom-style:none;border-bottom-width:0px;padding-top:var(--wp--preset--spacing--30);padding-right:var(--wp--preset--spacing--30);padding-bottom:var(--wp--preset--spacing--50);padding-left:var(--wp--preset--spacing--30)\">\n<h3 class=\"wp-block-heading has-text-align-center has-base-color has-contrast-background-color has-text-color has-background has-link-color wp-elements-42716d1364050ceaa717b3b2b85e0dd2\" style=\"border-radius:28px\">Silver<\/h3>\n<\/div>\n\n\n\n<h2 class=\"wp-block-heading has-text-align-center\">A.p.d \u20ac900 HT<\/h2>\n\n\n\n<div class=\"wp-block-group is-nowrap is-layout-flex wp-container-core-group-is-layout-ed104571 wp-block-group-is-layout-flex\" style=\"border-bottom-color:var(--wp--preset--color--base-3);border-bottom-width:1px;padding-top:var(--wp--preset--spacing--30);padding-right:var(--wp--preset--spacing--30);padding-bottom:var(--wp--preset--spacing--30);padding-left:var(--wp--preset--spacing--30)\">\n<p class=\"has-vivid-green-cyan-color has-text-color has-link-color has-medium-font-size wp-elements-d9e86cde466076ea90e42b4a7db389a3\"><strong>\u2713<\/strong><\/p>\n\n\n\n<p>Un site web complet de 8 pages<\/p>\n<\/div>\n\n\n\n<div class=\"wp-block-group is-nowrap is-layout-flex wp-container-core-group-is-layout-ed104571 wp-block-group-is-layout-flex\" style=\"border-bottom-color:var(--wp--preset--color--base-3);border-bottom-width:1px;padding-top:var(--wp--preset--spacing--30);padding-right:var(--wp--preset--spacing--30);padding-bottom:var(--wp--preset--spacing--30);padding-left:var(--wp--preset--spacing--30)\">\n<p class=\"has-vivid-green-cyan-color has-text-color has-link-color has-medium-font-size wp-elements-d9e86cde466076ea90e42b4a7db389a3\"><strong>\u2713<\/strong><\/p>\n\n\n\n<p>2 Adresses mail<\/p>\n<\/div>\n\n\n\n<div class=\"wp-block-group is-nowrap is-layout-flex wp-container-core-group-is-layout-ed104571 wp-block-group-is-layout-flex\" style=\"border-bottom-color:var(--wp--preset--color--base-3);border-bottom-width:1px;padding-top:var(--wp--preset--spacing--30);padding-right:var(--wp--preset--spacing--30);padding-bottom:var(--wp--preset--spacing--30);padding-left:var(--wp--preset--spacing--30)\">\n<p class=\"has-vivid-green-cyan-color has-text-color has-link-color has-medium-font-size wp-elements-d9e86cde466076ea90e42b4a7db389a3\"><strong>\u2713<\/strong><\/p>\n\n\n\n<p>Une page de contact avec formulaire<\/p>\n<\/div>\n\n\n\n<div class=\"wp-block-group is-nowrap is-layout-flex wp-container-core-group-is-layout-ed104571 wp-block-group-is-layout-flex\" style=\"border-bottom-color:var(--wp--preset--color--base-3);border-bottom-width:1px;padding-top:var(--wp--preset--spacing--30);padding-right:var(--wp--preset--spacing--30);padding-bottom:var(--wp--preset--spacing--30);padding-left:var(--wp--preset--spacing--30)\">\n<p class=\"has-vivid-green-cyan-color has-text-color has-link-color has-medium-font-size wp-elements-d9e86cde466076ea90e42b4a7db389a3\"><strong>\u2713<\/strong><\/p>\n\n\n\n<p>Acc\u00e8s pour modification <\/p>\n<\/div>\n\n\n\n<div class=\"wp-block-group is-nowrap is-layout-flex wp-container-core-group-is-layout-ed104571 wp-block-group-is-layout-flex\" style=\"border-bottom-style:none;border-bottom-width:0px;padding-top:var(--wp--preset--spacing--30);padding-right:var(--wp--preset--spacing--30);padding-bottom:var(--wp--preset--spacing--30);padding-left:var(--wp--preset--spacing--30)\">\n<p class=\"has-vivid-green-cyan-color has-text-color has-link-color has-medium-font-size wp-elements-d9e86cde466076ea90e42b4a7db389a3\"><strong>\u2713<\/strong><\/p>\n\n\n\n<p>Formation 1h en visio pour modification site<\/p>\n<\/div>\n<\/div>\n<\/div>\n<\/div>\n\n\n\n<div style=\"height:20px\" aria-hidden=\"true\" class=\"wp-block-spacer\"><\/div>\n\n\n\n<div class=\"wp-block-group is-layout-flow wp-block-group-is-layout-flow\" style=\"border-style:none;border-width:0px;border-radius:0px\">\n<div class=\"wp-block-group has-global-padding is-layout-constrained wp-block-group-is-layout-constrained\" style=\"border-radius:11px\">\n<div class=\"wp-block-group has-background has-global-padding is-layout-constrained wp-container-core-group-is-layout-c588530d wp-block-group-is-layout-constrained\" style=\"border-radius:28px;border-bottom-color:#e8e8e8;border-bottom-width:1px;background-color:#ffffffad;padding-top:var(--wp--preset--spacing--40);padding-right:var(--wp--preset--spacing--30);padding-bottom:var(--wp--preset--spacing--40);padding-left:var(--wp--preset--spacing--30)\">\n<h3 class=\"wp-block-heading has-text-align-center has-base-color has-contrast-background-color has-text-color has-background has-link-color wp-elements-35c86b910a14815399f0670bf72b9679\" style=\"border-radius:28px\">Gold<\/h3>\n\n\n\n<div class=\"wp-block-group is-nowrap is-layout-flex wp-container-core-group-is-layout-de5fc3a3 wp-block-group-is-layout-flex\" style=\"padding-top:var(--wp--preset--spacing--30);padding-right:var(--wp--preset--spacing--30);padding-bottom:var(--wp--preset--spacing--30);padding-left:var(--wp--preset--spacing--30)\"><\/div>\n\n\n\n<h2 class=\"wp-block-heading has-text-align-center\">A.p.d. \u20ac1800 HT<\/h2>\n\n\n\n<div class=\"wp-block-group is-nowrap is-layout-flex wp-container-core-group-is-layout-ed104571 wp-block-group-is-layout-flex\" style=\"border-bottom-color:var(--wp--preset--color--base-3);border-bottom-width:1px;padding-top:var(--wp--preset--spacing--30);padding-right:var(--wp--preset--spacing--30);padding-bottom:var(--wp--preset--spacing--30);padding-left:var(--wp--preset--spacing--30)\">\n<p class=\"has-vivid-green-cyan-color has-text-color has-link-color has-medium-font-size wp-elements-d9e86cde466076ea90e42b4a7db389a3\"><strong>\u2713<\/strong><\/p>\n\n\n\n<p class=\"has-light-green-cyan-color has-text-color has-link-color has-large-font-size wp-elements-259be949130a96e0a6dd83ad55a41110\"><strong>Logo sur mesure<\/strong><\/p>\n<\/div>\n\n\n\n<div class=\"wp-block-group is-nowrap is-layout-flex wp-container-core-group-is-layout-ed104571 wp-block-group-is-layout-flex\" style=\"border-bottom-color:var(--wp--preset--color--base-3);border-bottom-width:1px;padding-top:var(--wp--preset--spacing--30);padding-right:var(--wp--preset--spacing--30);padding-bottom:var(--wp--preset--spacing--30);padding-left:var(--wp--preset--spacing--30)\">\n<p class=\"has-vivid-green-cyan-color has-text-color has-link-color has-medium-font-size wp-elements-d9e86cde466076ea90e42b4a7db389a3\"><strong>\u2713<\/strong><\/p>\n\n\n\n<p>Un site complet de 10 pages<\/p>\n<\/div>\n\n\n\n<div class=\"wp-block-group is-nowrap is-layout-flex wp-container-core-group-is-layout-ed104571 wp-block-group-is-layout-flex\" style=\"border-bottom-color:var(--wp--preset--color--base-3);border-bottom-width:1px;padding-top:var(--wp--preset--spacing--30);padding-right:var(--wp--preset--spacing--30);padding-bottom:var(--wp--preset--spacing--30);padding-left:var(--wp--preset--spacing--30)\">\n<p class=\"has-vivid-green-cyan-color has-text-color has-link-color has-medium-font-size wp-elements-d9e86cde466076ea90e42b4a7db389a3\"><strong>\u2713<\/strong><\/p>\n\n\n\n<p>5 adresses mails<\/p>\n<\/div>\n\n\n\n<div class=\"wp-block-group is-nowrap is-layout-flex wp-container-core-group-is-layout-ed104571 wp-block-group-is-layout-flex\" style=\"border-bottom-color:var(--wp--preset--color--base-3);border-bottom-width:1px;padding-top:var(--wp--preset--spacing--30);padding-right:var(--wp--preset--spacing--30);padding-bottom:var(--wp--preset--spacing--30);padding-left:var(--wp--preset--spacing--30)\">\n<p class=\"has-vivid-green-cyan-color has-text-color has-link-color has-medium-font-size wp-elements-d9e86cde466076ea90e42b4a7db389a3\"><strong>\u2713<\/strong><\/p>\n\n\n\n<p>Une page de contact avec formulaire<\/p>\n<\/div>\n\n\n\n<div class=\"wp-block-group is-nowrap is-layout-flex wp-container-core-group-is-layout-ed104571 wp-block-group-is-layout-flex\" style=\"border-bottom-color:var(--wp--preset--color--base-3);border-bottom-width:1px;padding-top:var(--wp--preset--spacing--30);padding-right:var(--wp--preset--spacing--30);padding-bottom:var(--wp--preset--spacing--30);padding-left:var(--wp--preset--spacing--30)\">\n<p class=\"has-vivid-green-cyan-color has-text-color has-link-color has-medium-font-size wp-elements-d9e86cde466076ea90e42b4a7db389a3\"><strong>\u2713<\/strong><\/p>\n\n\n\n<p>Acc\u00e8s pour modification<\/p>\n<\/div>\n\n\n\n<div class=\"wp-block-group is-nowrap is-layout-flex wp-container-core-group-is-layout-ed104571 wp-block-group-is-layout-flex\" style=\"padding-top:var(--wp--preset--spacing--30);padding-right:var(--wp--preset--spacing--30);padding-bottom:var(--wp--preset--spacing--30);padding-left:var(--wp--preset--spacing--30)\">\n<p class=\"has-vivid-green-cyan-color has-text-color has-link-color has-medium-font-size wp-elements-d9e86cde466076ea90e42b4a7db389a3\"><strong>\u2713<\/strong><\/p>\n\n\n\n<p>Formation 1h en visio pour modification site<\/p>\n<\/div>\n<\/div>\n<\/div>\n\n\n\n<div style=\"height:20px\" aria-hidden=\"true\" class=\"wp-block-spacer\"><\/div>\n\n\n\n<div class=\"wp-block-group has-accent-1-color has-text-color has-link-color wp-elements-46c5fdd7c7d2cd9807691fc36a09ded6 has-global-padding is-layout-constrained wp-container-core-group-is-layout-24567ffd wp-block-group-is-layout-constrained\" style=\"border-style:none;border-width:0px;border-radius:40px;padding-top:var(--wp--preset--spacing--40);padding-right:var(--wp--preset--spacing--40);padding-bottom:var(--wp--preset--spacing--40);padding-left:var(--wp--preset--spacing--40)\">\n<p class=\"has-contrast-2-color has-text-color has-background has-link-color wp-elements-42c26124f4f76aaf43e72dda13d86d38\" style=\"border-radius:28px;background-color:#ffffffad;padding-top:var(--wp--preset--spacing--30);padding-right:var(--wp--preset--spacing--30);padding-bottom:var(--wp--preset--spacing--30);padding-left:var(--wp--preset--spacing--30)\"><strong>\ud83d\udcac \u00c0 noter : chaque projet est unique.<br>Le processus pr\u00e9sent\u00e9 ci-dessus est une base, mais il reste enti\u00e8rement adaptable selon vos besoins. Nous pouvons discuter ensemble de services compl\u00e9mentaires tels que :<br>La maintenance du site<br>L\u2019ajout de pages suppl\u00e9mentaires<br>La mise en place de newsletters<br>Je suis \u00e0 votre \u00e9coute pour construire une solution sur mesure, qui vous ressemble.<\/strong><\/p>\n<\/div>\n<\/div>\n<\/div>\n<\/div>\n<\/div><\/div>\n\n\n\n<p><\/p>\n","protected":false},"excerpt":{"rendered":"","protected":false},"author":1,"featured_media":0,"parent":0,"menu_order":0,"comment_status":"closed","ping_status":"closed","template":"no-title","meta":{"footnotes":""},"class_list":["post-170","page","type-page","status-publish","hentry"],"_links":{"self":[{"href":"https:\/\/www.mariscal.ovh\/index.php\/wp-json\/wp\/v2\/pages\/170","targetHints":{"allow":["GET"]}}],"collection":[{"href":"https:\/\/www.mariscal.ovh\/index.php\/wp-json\/wp\/v2\/pages"}],"about":[{"href":"https:\/\/www.mariscal.ovh\/index.php\/wp-json\/wp\/v2\/types\/page"}],"author":[{"embeddable":true,"href":"https:\/\/www.mariscal.ovh\/index.php\/wp-json\/wp\/v2\/users\/1"}],"replies":[{"embeddable":true,"href":"https:\/\/www.mariscal.ovh\/index.php\/wp-json\/wp\/v2\/comments?post=170"}],"version-history":[{"count":69,"href":"https:\/\/www.mariscal.ovh\/index.php\/wp-json\/wp\/v2\/pages\/170\/revisions"}],"predecessor-version":[{"id":703,"href":"https:\/\/www.mariscal.ovh\/index.php\/wp-json\/wp\/v2\/pages\/170\/revisions\/703"}],"wp:attachment":[{"href":"https:\/\/www.mariscal.ovh\/index.php\/wp-json\/wp\/v2\/media?parent=170"}],"curies":[{"name":"wp","href":"https:\/\/api.w.org\/{rel}","templated":true}]}}