{"id":325,"date":"2025-08-30T20:26:28","date_gmt":"2025-08-30T20:26:28","guid":{"rendered":"https:\/\/www.mariscal.ovh\/?page_id=325"},"modified":"2025-09-14T19:36:59","modified_gmt":"2025-09-14T19:36:59","slug":"en-savoir-plus","status":"publish","type":"page","link":"https:\/\/www.mariscal.ovh\/index.php\/en-savoir-plus\/","title":{"rendered":"En savoir plus"},"content":{"rendered":"\n<div class=\"wp-block-cover alignfull is-light has-parallax has-custom-content-position is-position-top-center\" style=\"padding-top:var(--wp--preset--spacing--30);padding-right:0;padding-bottom:var(--wp--preset--spacing--30);padding-left:0;min-height:100vh;aspect-ratio:unset;\"><div class=\"wp-block-cover__image-background wp-image-207 has-parallax\" style=\"background-position:50% 50%;background-image:url(https:\/\/www.mariscal.ovh\/wp-content\/uploads\/2025\/08\/desk-1140699.jpg)\"><\/div><span aria-hidden=\"true\" class=\"wp-block-cover__background has-base-background-color has-background-dim-60 has-background-dim\"><\/span><div class=\"wp-block-cover__inner-container has-global-padding is-layout-constrained wp-container-core-cover-is-layout-7b0da927 wp-block-cover-is-layout-constrained\">\n<div style=\"height:100px;width:0px\" aria-hidden=\"true\" class=\"wp-block-spacer\"><\/div>\n\n\n\n<div class=\"wp-block-group has-background has-global-padding is-layout-constrained wp-block-group-is-layout-constrained\" style=\"border-radius:28px;background-color:#ffffffad\">\n<div class=\"wp-block-group has-background is-nowrap is-layout-flex wp-container-core-group-is-layout-af397ba8 wp-block-group-is-layout-flex\" style=\"border-radius:28px;background-color:#ffffffad;padding-top:var(--wp--preset--spacing--30);padding-right:var(--wp--preset--spacing--30);padding-bottom:var(--wp--preset--spacing--30);padding-left:var(--wp--preset--spacing--30)\" data-acai-animate=\"fade-in\" data-acai-duration=\"0.9\" data-acai-delay=\"0\" data-acai-offset=\"10\" data-acai-scale=\"0.1\" data-acai-animation-state=\"initial\">\n<div class=\"wp-block-group is-layout-flex wp-block-group-is-layout-flex\">\n<figure class=\"wp-block-image size-full\"><img fetchpriority=\"high\" decoding=\"async\" width=\"1280\" height=\"853\" src=\"https:\/\/www.mariscal.ovh\/wp-content\/uploads\/2025\/08\/web-design-3411373_1280.jpg\" alt=\"\" class=\"wp-image-328\" srcset=\"https:\/\/www.mariscal.ovh\/wp-content\/uploads\/2025\/08\/web-design-3411373_1280.jpg 1280w, https:\/\/www.mariscal.ovh\/wp-content\/uploads\/2025\/08\/web-design-3411373_1280-300x200.jpg 300w, https:\/\/www.mariscal.ovh\/wp-content\/uploads\/2025\/08\/web-design-3411373_1280-1024x682.jpg 1024w, https:\/\/www.mariscal.ovh\/wp-content\/uploads\/2025\/08\/web-design-3411373_1280-768x512.jpg 768w\" sizes=\"(max-width: 1280px) 100vw, 1280px\" \/><\/figure>\n\n\n\n<h2 class=\"wp-block-heading\">Un site Web<\/h2>\n\n\n\n<div class=\"wp-block-group is-nowrap is-layout-flex wp-container-core-group-is-layout-6c531013 wp-block-group-is-layout-flex\"><\/div>\n\n\n\n<p class=\"is-style-default\">Aujourd\u2019hui, \u00eatre visible en ligne n\u2019est plus un luxe \u2014 c\u2019est une n\u00e9cessit\u00e9. Pour une PME, un site web, c\u2019est bien plus qu\u2019une vitrine : c\u2019est un outil puissant pour attirer de nouveaux clients, valoriser son savoir-faire et se d\u00e9marquer de la concurrence.<\/p>\n\n\n\n<p>\ud83d\udd39 Ce que \u00e7a vous apporte :<\/p>\n\n\n\n<p>Une pr\u00e9sence professionnelle accessible 24h\/24<\/p>\n\n\n\n<p>Une image ma\u00eetris\u00e9e et coh\u00e9rente avec vos valeurs<\/p>\n\n\n\n<p>Un canal direct pour informer, convaincre et fid\u00e9liser<\/p>\n\n\n\n<p>Un gain de temps gr\u00e2ce \u00e0 des r\u00e9ponses automatis\u00e9es (formulaires, FAQ, etc.)<\/p>\n\n\n\n<p>\ud83d\udd39 Concr\u00e8tement, \u00e7a consiste en quoi ? Un site web bien con\u00e7u, c\u2019est :<\/p>\n\n\n\n<p>Une page d\u2019accueil qui capte l\u2019attention<\/p>\n\n\n\n<p>Des contenus clairs qui racontent votre histoire<\/p>\n\n\n\n<p>Des appels \u00e0 l\u2019action efficaces pour g\u00e9n\u00e9rer des contacts<\/p>\n\n\n\n<p>Une navigation fluide, adapt\u00e9e aux mobiles<\/p>\n\n\n\n<p>Et surtout\u2026 une identit\u00e9 visuelle qui vous ressemble<\/p>\n<\/div>\n<\/div>\n\n\n\n<div class=\"wp-block-buttons is-content-justification-center is-layout-flex wp-container-core-buttons-is-layout-a89b3969 wp-block-buttons-is-layout-flex\">\n<div class=\"wp-block-button\"><a class=\"wp-block-button__link wp-element-button\" href=\"https:\/\/www.mariscal.ovh\/index.php\/packages\/\">Combien \u00e7a co\u00fbte?<\/a><\/div>\n<\/div>\n\n\n\n<div style=\"height:20px\" aria-hidden=\"true\" class=\"wp-block-spacer\"><\/div>\n<\/div>\n\n\n\n<div style=\"height:100px\" aria-hidden=\"true\" class=\"wp-block-spacer\"><\/div>\n<\/div><\/div>\n","protected":false},"excerpt":{"rendered":"","protected":false},"author":1,"featured_media":0,"parent":0,"menu_order":0,"comment_status":"closed","ping_status":"closed","template":"","meta":{"footnotes":""},"class_list":["post-325","page","type-page","status-publish","hentry"],"_links":{"self":[{"href":"https:\/\/www.mariscal.ovh\/index.php\/wp-json\/wp\/v2\/pages\/325","targetHints":{"allow":["GET"]}}],"collection":[{"href":"https:\/\/www.mariscal.ovh\/index.php\/wp-json\/wp\/v2\/pages"}],"about":[{"href":"https:\/\/www.mariscal.ovh\/index.php\/wp-json\/wp\/v2\/types\/page"}],"author":[{"embeddable":true,"href":"https:\/\/www.mariscal.ovh\/index.php\/wp-json\/wp\/v2\/users\/1"}],"replies":[{"embeddable":true,"href":"https:\/\/www.mariscal.ovh\/index.php\/wp-json\/wp\/v2\/comments?post=325"}],"version-history":[{"count":26,"href":"https:\/\/www.mariscal.ovh\/index.php\/wp-json\/wp\/v2\/pages\/325\/revisions"}],"predecessor-version":[{"id":601,"href":"https:\/\/www.mariscal.ovh\/index.php\/wp-json\/wp\/v2\/pages\/325\/revisions\/601"}],"wp:attachment":[{"href":"https:\/\/www.mariscal.ovh\/index.php\/wp-json\/wp\/v2\/media?parent=325"}],"curies":[{"name":"wp","href":"https:\/\/api.w.org\/{rel}","templated":true}]}}