{"id":370,"date":"2025-08-31T07:20:25","date_gmt":"2025-08-31T07:20:25","guid":{"rendered":"https:\/\/www.mariscal.ovh\/?page_id=370"},"modified":"2025-09-14T19:35:44","modified_gmt":"2025-09-14T19:35:44","slug":"et-concretement","status":"publish","type":"page","link":"https:\/\/www.mariscal.ovh\/index.php\/et-concretement\/","title":{"rendered":"Et concr\u00e8tement?"},"content":{"rendered":"\n<div class=\"wp-block-cover alignfull is-light has-parallax has-custom-content-position is-position-top-center\" style=\"padding-top:var(--wp--preset--spacing--30);padding-right:0;padding-bottom:var(--wp--preset--spacing--30);padding-left:0;min-height:100vh;aspect-ratio:unset;\"><div class=\"wp-block-cover__image-background wp-image-207 has-parallax\" style=\"background-position:50% 50%;background-image:url(https:\/\/www.mariscal.ovh\/wp-content\/uploads\/2025\/08\/desk-1140699.jpg)\"><\/div><span aria-hidden=\"true\" class=\"wp-block-cover__background has-base-background-color has-background-dim-60 has-background-dim\"><\/span><div class=\"wp-block-cover__inner-container has-global-padding is-layout-constrained wp-container-core-cover-is-layout-7b0da927 wp-block-cover-is-layout-constrained\">\n<div class=\"wp-block-group has-background has-global-padding is-layout-constrained wp-container-core-group-is-layout-a35945ca wp-block-group-is-layout-constrained\" style=\"border-radius:28px;background-color:#ffffffad;padding-top:var(--wp--preset--spacing--30);padding-right:var(--wp--preset--spacing--30);padding-bottom:var(--wp--preset--spacing--30);padding-left:var(--wp--preset--spacing--30)\" data-acai-animate=\"fade-in\" data-acai-duration=\"0.9\" data-acai-delay=\"0\" data-acai-offset=\"10\" data-acai-scale=\"0.1\" data-acai-animation-state=\"initial\">\n<figure class=\"wp-block-image size-large is-resized\"><img fetchpriority=\"high\" decoding=\"async\" width=\"1024\" height=\"641\" src=\"https:\/\/www.mariscal.ovh\/wp-content\/uploads\/2025\/08\/phone-call-6607616_1280-1024x641.png\" alt=\"\" class=\"wp-image-371\" style=\"width:484px;height:auto\" srcset=\"https:\/\/www.mariscal.ovh\/wp-content\/uploads\/2025\/08\/phone-call-6607616_1280-1024x641.png 1024w, https:\/\/www.mariscal.ovh\/wp-content\/uploads\/2025\/08\/phone-call-6607616_1280-300x188.png 300w, https:\/\/www.mariscal.ovh\/wp-content\/uploads\/2025\/08\/phone-call-6607616_1280-768x481.png 768w, https:\/\/www.mariscal.ovh\/wp-content\/uploads\/2025\/08\/phone-call-6607616_1280.png 1280w\" sizes=\"(max-width: 1024px) 100vw, 1024px\" \/><\/figure>\n\n\n\n<div style=\"height:100px\" aria-hidden=\"true\" class=\"wp-block-spacer\"><\/div>\n\n\n\n<h2 class=\"wp-block-heading\">Comment se d\u00e9roule la cr\u00e9ation de votre site web ?<\/h2>\n\n\n\n<p>Cr\u00e9er votre site, c\u2019est simple, humain et sans prise de t\u00eate. Voici comment \u00e7a se passe :<\/p>\n\n\n\n<h3 class=\"wp-block-heading\"> 1. Premier contact<\/h3>\n\n\n\n<p>On \u00e9change par t\u00e9l\u00e9phone ou visio. Vous me parlez de votre activit\u00e9, de vos id\u00e9es, de vos envies. Ensemble, on d\u00e9finit les grandes lignes : le style, le nom du site, et l\u2019adresse web souhait\u00e9e.<\/p>\n\n\n\n<h3 class=\"wp-block-heading\"> 2. Id\u00e9es &amp; maquette<\/h3>\n\n\n\n<p>Je vous propose un devis clair et transparent, accompagn\u00e9 d\u2019une premi\u00e8re maquette du site pour vous donner une id\u00e9e concr\u00e8te du rendu.<\/p>\n\n\n\n<h3 class=\"wp-block-heading\"> 3. R\u00e9servation du nom de domaine<\/h3>\n\n\n\n<p>D\u00e8s que le devis est valid\u00e9, je r\u00e9serve le nom de domaine pour vous garantir son exclusivit\u00e9.<\/p>\n\n\n\n<h3 class=\"wp-block-heading\"> 4. Mise en ligne<\/h3>\n\n\n\n<p>Quelques jours plus tard \u2014 selon ce qu\u2019on aura convenu ensemble \u2014 votre site est pr\u00eat et mis en ligne. Simple, rapide, efficace.<\/p>\n\n\n\n<h3 class=\"wp-block-heading\"> 5. Contenu ? Pas de panique.<\/h3>\n\n\n\n<p>Pas besoin d\u2019avoir tout le contenu pr\u00eat. Je vous accompagne dans sa cr\u00e9ation : textes, images, structure\u2026 Je suis l\u00e0 pour vous guider \u00e0 chaque \u00e9tape.<\/p>\n\n\n\n<p> <strong>En r\u00e9sum\u00e9 :<\/strong> c\u2019est du cl\u00e9-en-main. Vous \u00eates accompagn\u00e9, conseill\u00e9, et libre de vous concentrer sur votre activit\u00e9 pendant que je m\u2019occupe du reste.<\/p>\n<\/div>\n<\/div><\/div>\n","protected":false},"excerpt":{"rendered":"","protected":false},"author":1,"featured_media":0,"parent":0,"menu_order":0,"comment_status":"closed","ping_status":"closed","template":"","meta":{"footnotes":""},"class_list":["post-370","page","type-page","status-publish","hentry"],"_links":{"self":[{"href":"https:\/\/www.mariscal.ovh\/index.php\/wp-json\/wp\/v2\/pages\/370","targetHints":{"allow":["GET"]}}],"collection":[{"href":"https:\/\/www.mariscal.ovh\/index.php\/wp-json\/wp\/v2\/pages"}],"about":[{"href":"https:\/\/www.mariscal.ovh\/index.php\/wp-json\/wp\/v2\/types\/page"}],"author":[{"embeddable":true,"href":"https:\/\/www.mariscal.ovh\/index.php\/wp-json\/wp\/v2\/users\/1"}],"replies":[{"embeddable":true,"href":"https:\/\/www.mariscal.ovh\/index.php\/wp-json\/wp\/v2\/comments?post=370"}],"version-history":[{"count":10,"href":"https:\/\/www.mariscal.ovh\/index.php\/wp-json\/wp\/v2\/pages\/370\/revisions"}],"predecessor-version":[{"id":599,"href":"https:\/\/www.mariscal.ovh\/index.php\/wp-json\/wp\/v2\/pages\/370\/revisions\/599"}],"wp:attachment":[{"href":"https:\/\/www.mariscal.ovh\/index.php\/wp-json\/wp\/v2\/media?parent=370"}],"curies":[{"name":"wp","href":"https:\/\/api.w.org\/{rel}","templated":true}]}}